{"id":239,"date":"2020-11-30T16:27:06","date_gmt":"2020-11-30T16:27:06","guid":{"rendered":"https:\/\/development-2.dietrichmedia.de\/?page_id=239"},"modified":"2020-11-30T19:29:50","modified_gmt":"2020-11-30T19:29:50","slug":"agb","status":"publish","type":"page","link":"https:\/\/en.ferienwohnung-ohler.de\/index.php\/agb\/","title":{"rendered":"AGBs"},"content":{"rendered":"\n<h1 class=\"wp-block-heading\">AGB<\/h1>\n\n\n\n<p>Es gelten folgende Mietbedingungen (AGB):<\/p>\n\n\n\n<ol><li>Mit Zugang der Buchungsbest\u00e4tigung beim Kunden \/ Gast kommt ein direkter Mietvertrag zwischen dem Gastgeber und dem Gast zu Stande. Grundlagen des Vertrages &#8211; im folgenden als \u201eBuchung\u201c bezeichnet \u2013 sind die Buchungsbest\u00e4tigung, die Objektpr\u00e4sentation unter <a href=\"https:\/\/www.ferienwohnung-ohler.de\/index.html\">www.ferienwohnung-ohler.de<\/a> bzw. das aktuelle Prospekt zum Zeitpunkt der Buchung, sowie die hier aufgef\u00fchrten Mietbedingungen.<\/li><li>Beide Parteien verpflichtet sich, alle Verpflichtungen aus dieser Buchung einzuhalten.<\/li><li>Der Mietpreis ist in der Buchungsbest\u00e4tigung geregelt und schlie\u00dft Kosten f\u00fcr Heizung, Strom und Warm\/Kaltwasserverbrauch, Bettw\u00e4sche und Handt\u00fccher mit ein. Bei Nutzung der Waschmaschine fallen separate Kosten an.<\/li><li>Das Mietobjekt umfasst die FeWo mit allem Inventar wie im Internet \/ Prospekt beschrieben.<\/li><li>Der Mietpreis ist mit der Buchungsbest\u00e4tigung f\u00e4llig und sp\u00e4testens am Tage der Anreise zu entrichten. Die Zahlung kann bar, oder durch rechtzeitige \u00dcberweisung erfolgen.<\/li><li>Die FeWo wird f\u00fcr des Gast exklusiv in dem gebuchten Zeitraum bereit gehalten.<br>Bei einer Stornierung gelten folgende pauschalen Stornierungskosten:<ol><li>25 % des Mietpreises bei R\u00fccktritt ab dem 60. bis 42. Tag vor Mietbeginn.<\/li><li>60 % des Mietpreises bei R\u00fccktritt ab dem 41. bis 28. Tag vor Mietbeginn.<\/li><li>90 % des Mietpreises bei R\u00fccktritt ab dem 27. Tag vor Mietbeginn oder bei Nichterscheinen.<\/li><li>Bei vorzeitiger Abreise hat der Gast keinen Anspruch auf R\u00fcckerstattung des Mietpreises.<\/li><\/ol><\/li><li>Der Gast verpflichtet sich, die Wohnung pfleglich zu behandeln. <br>Eventuelle Sch\u00e4den oder Verluste sind dem Gastgeber sofort zu melden.<\/li><li>Die in der Buchungsbest\u00e4tigung angegebene Personenzahl darf ohne Absprache mit dem Gastgeber nicht \u00fcberschritten werden.<\/li><li>In der FeWo sind Tiere und Rauchen untersagt.<\/li><li>Den Wohnungsschl\u00fcssel erhalten Sie bei Anreise.<br>Daher ist es wichtig, dass Sie den Zeitpunkt der Anreise einige Tage im voraus mit uns abstimmen. Nur dadurch ist sichergestellt, dass wir zur Schl\u00fcssel\u00fcbergabe auch anwesend sind.<\/li><\/ol>\n\n\n\n<h2 class=\"wp-block-heading\">Ablauf einer Buchung:<\/h2>\n\n\n\n<p>Der Gast kann online buchen oder uns unter Angabe seiner Anschrift per Telefon oder E-Mail mitteilen, in welchem Zeitraum und mit wie vielen Personen er die FeWo mieten m\u00f6chte. Wir best\u00e4tigen innerhalb 3 Tagen die Buchung schriftlich, in der Regel per Post.<\/p>\n\n\n\n<p>Damit ist die Buchung verbindlich.<\/p>\n\n\n\n<p>Der Mietpreis ist mit der Buchungsbest\u00e4tigung f\u00e4llig und sp\u00e4testens am Tage der Anreise zu entrichten. Die Zahlung kann bar, Paypal, oder durch rechtzeitige \u00dcberweisung&nbsp; erfolgen.<\/p>\n\n\n\n<p>Inventarliste auf Anfrage<\/p>\n","protected":false},"excerpt":{"rendered":"<p>AGB Es gelten folgende Mietbedingungen (AGB): Mit Zugang der Buchungsbest\u00e4tigung beim Kunden \/ Gast kommt ein direkter Mietvertrag zwischen dem Gastgeber und dem Gast zu Stande. Grundlagen des Vertrages &#8211; im folgenden als \u201eBuchung\u201c bezeichnet \u2013 sind die Buchungsbest\u00e4tigung, die Objektpr\u00e4sentation unter www.ferienwohnung-ohler.de bzw. das aktuelle Prospekt zum Zeitpunkt der Buchung, sowie die hier aufgef\u00fchrten<a class=\"more-link\" href=\"https:\/\/en.ferienwohnung-ohler.de\/index.php\/agb\/\">Continue reading <span class=\"screen-reader-text\">&#8222;AGBs&#8220;<\/span><\/a><\/p>\n","protected":false},"author":2,"featured_media":0,"parent":0,"menu_order":0,"comment_status":"closed","ping_status":"closed","template":"","meta":[],"_links":{"self":[{"href":"https:\/\/en.ferienwohnung-ohler.de\/index.php\/wp-json\/wp\/v2\/pages\/239"}],"collection":[{"href":"https:\/\/en.ferienwohnung-ohler.de\/index.php\/wp-json\/wp\/v2\/pages"}],"about":[{"href":"https:\/\/en.ferienwohnung-ohler.de\/index.php\/wp-json\/wp\/v2\/types\/page"}],"author":[{"embeddable":true,"href":"https:\/\/en.ferienwohnung-ohler.de\/index.php\/wp-json\/wp\/v2\/users\/2"}],"replies":[{"embeddable":true,"href":"https:\/\/en.ferienwohnung-ohler.de\/index.php\/wp-json\/wp\/v2\/comments?post=239"}],"version-history":[{"count":3,"href":"https:\/\/en.ferienwohnung-ohler.de\/index.php\/wp-json\/wp\/v2\/pages\/239\/revisions"}],"predecessor-version":[{"id":295,"href":"https:\/\/en.ferienwohnung-ohler.de\/index.php\/wp-json\/wp\/v2\/pages\/239\/revisions\/295"}],"wp:attachment":[{"href":"https:\/\/en.ferienwohnung-ohler.de\/index.php\/wp-json\/wp\/v2\/media?parent=239"}],"curies":[{"name":"wp","href":"https:\/\/api.w.org\/{rel}","templated":true}]}}